{"id":208,"date":"2022-06-12T18:59:25","date_gmt":"2022-06-12T18:59:25","guid":{"rendered":"https:\/\/transzcendensvegtelentudatossag.hu\/?page_id=208"},"modified":"2022-06-12T18:59:25","modified_gmt":"2022-06-12T18:59:25","slug":"programok","status":"publish","type":"page","link":"https:\/\/transzcendensvegtelentudatossag.hu\/index.php\/programok\/","title":{"rendered":"Programok"},"content":{"rendered":"","protected":false},"excerpt":{"rendered":"","protected":false},"author":2,"featured_media":0,"parent":0,"menu_order":0,"comment_status":"closed","ping_status":"closed","template":"","meta":{"footnotes":""},"class_list":["post-208","page","type-page","status-publish","hentry"],"yoast_head":"<!-- This site is optimized with the Yoast SEO plugin v26.9 - https:\/\/yoast.com\/product\/yoast-seo-wordpress\/ -->\n<title>Programok - Beny\u00f3 Edit<\/title>\n<meta name=\"robots\" content=\"index, follow, max-snippet:-1, max-image-preview:large, max-video-preview:-1\" \/>\n<link rel=\"canonical\" href=\"https:\/\/transzcendensvegtelentudatossag.hu\/index.php\/programok\/\" \/>\n<meta property=\"og:locale\" content=\"hu_HU\" \/>\n<meta property=\"og:type\" content=\"article\" \/>\n<meta property=\"og:title\" content=\"Programok - Beny\u00f3 Edit\" \/>\n<meta property=\"og:url\" content=\"https:\/\/transzcendensvegtelentudatossag.hu\/index.php\/programok\/\" \/>\n<meta property=\"og:site_name\" content=\"Beny\u00f3 Edit\" \/>\n<meta name=\"twitter:card\" content=\"summary_large_image\" \/>\n<script type=\"application\/ld+json\" class=\"yoast-schema-graph\">{\"@context\":\"https:\/\/schema.org\",\"@graph\":[{\"@type\":\"WebPage\",\"@id\":\"https:\/\/transzcendensvegtelentudatossag.hu\/index.php\/programok\/\",\"url\":\"https:\/\/transzcendensvegtelentudatossag.hu\/index.php\/programok\/\",\"name\":\"Programok - Beny\u00f3 Edit\",\"isPartOf\":{\"@id\":\"https:\/\/transzcendensvegtelentudatossag.hu\/#website\"},\"datePublished\":\"2022-06-12T18:59:25+00:00\",\"breadcrumb\":{\"@id\":\"https:\/\/transzcendensvegtelentudatossag.hu\/index.php\/programok\/#breadcrumb\"},\"inLanguage\":\"hu\",\"potentialAction\":[{\"@type\":\"ReadAction\",\"target\":[\"https:\/\/transzcendensvegtelentudatossag.hu\/index.php\/programok\/\"]}]},{\"@type\":\"BreadcrumbList\",\"@id\":\"https:\/\/transzcendensvegtelentudatossag.hu\/index.php\/programok\/#breadcrumb\",\"itemListElement\":[{\"@type\":\"ListItem\",\"position\":1,\"name\":\"Kezd\u0151lap\",\"item\":\"https:\/\/transzcendensvegtelentudatossag.hu\/\"},{\"@type\":\"ListItem\",\"position\":2,\"name\":\"Programok\"}]},{\"@type\":\"WebSite\",\"@id\":\"https:\/\/transzcendensvegtelentudatossag.hu\/#website\",\"url\":\"https:\/\/transzcendensvegtelentudatossag.hu\/\",\"name\":\"Beny\u00f3 Edit\",\"description\":\"TranszcendensV\u00e9gtelenTudatoss\u00e1g\",\"potentialAction\":[{\"@type\":\"SearchAction\",\"target\":{\"@type\":\"EntryPoint\",\"urlTemplate\":\"https:\/\/transzcendensvegtelentudatossag.hu\/?s={search_term_string}\"},\"query-input\":{\"@type\":\"PropertyValueSpecification\",\"valueRequired\":true,\"valueName\":\"search_term_string\"}}],\"inLanguage\":\"hu\"}]}<\/script>\n<!-- \/ Yoast SEO plugin. -->","yoast_head_json":{"title":"Programok - Beny\u00f3 Edit","robots":{"index":"index","follow":"follow","max-snippet":"max-snippet:-1","max-image-preview":"max-image-preview:large","max-video-preview":"max-video-preview:-1"},"canonical":"https:\/\/transzcendensvegtelentudatossag.hu\/index.php\/programok\/","og_locale":"hu_HU","og_type":"article","og_title":"Programok - Beny\u00f3 Edit","og_url":"https:\/\/transzcendensvegtelentudatossag.hu\/index.php\/programok\/","og_site_name":"Beny\u00f3 Edit","twitter_card":"summary_large_image","schema":{"@context":"https:\/\/schema.org","@graph":[{"@type":"WebPage","@id":"https:\/\/transzcendensvegtelentudatossag.hu\/index.php\/programok\/","url":"https:\/\/transzcendensvegtelentudatossag.hu\/index.php\/programok\/","name":"Programok - Beny\u00f3 Edit","isPartOf":{"@id":"https:\/\/transzcendensvegtelentudatossag.hu\/#website"},"datePublished":"2022-06-12T18:59:25+00:00","breadcrumb":{"@id":"https:\/\/transzcendensvegtelentudatossag.hu\/index.php\/programok\/#breadcrumb"},"inLanguage":"hu","potentialAction":[{"@type":"ReadAction","target":["https:\/\/transzcendensvegtelentudatossag.hu\/index.php\/programok\/"]}]},{"@type":"BreadcrumbList","@id":"https:\/\/transzcendensvegtelentudatossag.hu\/index.php\/programok\/#breadcrumb","itemListElement":[{"@type":"ListItem","position":1,"name":"Kezd\u0151lap","item":"https:\/\/transzcendensvegtelentudatossag.hu\/"},{"@type":"ListItem","position":2,"name":"Programok"}]},{"@type":"WebSite","@id":"https:\/\/transzcendensvegtelentudatossag.hu\/#website","url":"https:\/\/transzcendensvegtelentudatossag.hu\/","name":"Beny\u00f3 Edit","description":"TranszcendensV\u00e9gtelenTudatoss\u00e1g","potentialAction":[{"@type":"SearchAction","target":{"@type":"EntryPoint","urlTemplate":"https:\/\/transzcendensvegtelentudatossag.hu\/?s={search_term_string}"},"query-input":{"@type":"PropertyValueSpecification","valueRequired":true,"valueName":"search_term_string"}}],"inLanguage":"hu"}]}},"_links":{"self":[{"href":"https:\/\/transzcendensvegtelentudatossag.hu\/index.php\/wp-json\/wp\/v2\/pages\/208","targetHints":{"allow":["GET"]}}],"collection":[{"href":"https:\/\/transzcendensvegtelentudatossag.hu\/index.php\/wp-json\/wp\/v2\/pages"}],"about":[{"href":"https:\/\/transzcendensvegtelentudatossag.hu\/index.php\/wp-json\/wp\/v2\/types\/page"}],"author":[{"embeddable":true,"href":"https:\/\/transzcendensvegtelentudatossag.hu\/index.php\/wp-json\/wp\/v2\/users\/2"}],"replies":[{"embeddable":true,"href":"https:\/\/transzcendensvegtelentudatossag.hu\/index.php\/wp-json\/wp\/v2\/comments?post=208"}],"version-history":[{"count":1,"href":"https:\/\/transzcendensvegtelentudatossag.hu\/index.php\/wp-json\/wp\/v2\/pages\/208\/revisions"}],"predecessor-version":[{"id":211,"href":"https:\/\/transzcendensvegtelentudatossag.hu\/index.php\/wp-json\/wp\/v2\/pages\/208\/revisions\/211"}],"wp:attachment":[{"href":"https:\/\/transzcendensvegtelentudatossag.hu\/index.php\/wp-json\/wp\/v2\/media?parent=208"}],"curies":[{"name":"wp","href":"https:\/\/api.w.org\/{rel}","templated":true}]}}