{"id":206,"date":"2022-06-12T18:59:25","date_gmt":"2022-06-12T18:59:25","guid":{"rendered":"https:\/\/transzcendensvegtelentudatossag.hu\/?page_id=206"},"modified":"2026-02-18T00:40:58","modified_gmt":"2026-02-18T00:40:58","slug":"egyeni-konzultacio","status":"publish","type":"page","link":"https:\/\/transzcendensvegtelentudatossag.hu\/index.php\/egyeni-konzultacio\/","title":{"rendered":"Egy\u00e9ni konzult\u00e1ci\u00f3"},"content":{"rendered":"\n<div class=\"wp-block-group\"><div class=\"wp-block-group__inner-container is-layout-flow wp-block-group-is-layout-flow\">\n<p>Szeretettel k\u00f6sz\u00f6ntelek!<\/p>\n\n\n\n<p>Miben szeretn\u00e9l gy\u00f3gyulni \u00e9s fejl\u0151dni? Di\u00f3h\u00e9jban megfogalmaztam a legfontosabb mondand\u00f3mat.\u00a0<\/p>\n\n\n\n<p>Milyen \u00e9letter\u00fcleteidben seg\u00edt a gy\u00f3gy\u00edt\u00e1s?<\/p>\n\n\n\n<ul class=\"wp-block-list\">\n<li>p\u00e1rkapcsolatodban megtudd \u00e9lni a szeretetet, szerelmet<\/li>\n\n\n\n<li>sz\u00fcleiddel, \u0151seiddel val\u00f3 kapcsolatban,<\/li>\n\n\n\n<li>gyermekeiddel l\u00e9v\u0151 kapcsolatban,<\/li>\n\n\n\n<li>k\u00f6zvetlen k\u00f6rnyezeteddel, bar\u00e1tokkal, koll\u00e9g\u00e1kkal, ismer\u0151s\u00f6kkel, szomsz\u00e9dokkal l\u00e9v\u0151 kapcsolataidban,<\/li>\n\n\n\n<li>bels\u0151 gyermek = gyermeki \u00e9n kapcsolatban,<\/li>\n\n\n\n<li>\u00f6nmagaddal = isteni \u00e9neddel val\u00f3 kapcsolatban,<\/li>\n\n\n\n<li>a spiritu\u00e1lis fejl\u0151d\u00e9sedben,<\/li>\n\n\n\n<li>tudatoss\u00e1god fejleszt\u00e9s\u00e9ben,<\/li>\n\n\n\n<li>ir\u00e1ny\u00edtani tudd az \u00e9letedet.<\/li>\n<\/ul>\n\n\n\n<p>Ahhoz, hogy k\u00f6nnyebben tudj\u00e1l a lelkedhez kapcsol\u00f3dni, sz\u00fcks\u00e9ges a k\u00fclvil\u00e1g zaj\u00e1t elcsendes\u00edteni, hogy befel\u00e9 tudj\u00e1l figyelni.<\/p>\n\n\n\n<p>Ha b\u00e1rmilyen neh\u00e9zs\u00e9g t\u00f6rt\u00e9nik az ember \u00e9let\u00e9ben, azt mindenki egy\u00e9nileg \u00e9li meg.<br>A f\u00e1jdalmas helyzeteket meg\u00e9lheted tragikusan \u00e9s k\u00f6nnyed\u00e9n is.<br>Hogy min m\u00falik hogyan \u00e9led meg a gyerekkori \u00e9lm\u00e9nyeidet, azt a tudatalatti mint\u00e1k hat\u00e1rozz\u00e1k meg!<\/p>\n\n\n\n<p>Ha a csal\u00e1dodban nem figyeltek r\u00e1d szeretetteljesen, nem hallgattak meg, amikor a lelkednek sz\u00fcks\u00e9ge lett volna r\u00e1, vagy b\u00e1ntottak fizikailag, \u00e9rzelmileg, szidalmaztak, elnyomtak, \u00e9s \u00fagy \u00e9lted meg, hogy nem vagy el\u00e9g j\u00f3 \u00e9s szerethet\u0151, akkor ezek olyan m\u00e9ly nyomokat hagyhattak benned, hogy az \u00e9letter\u00fcleteidben elakad\u00e1sokat okoznak most is.<\/p>\n\n\n\n<p>Ahhoz, hogy megold\u00f3djanak a probl\u00e9m\u00e1id, neh\u00e9zs\u00e9geid, \u00e1tbesz\u00e9lj\u00fck a v\u00e1lasztott t\u00e9m\u00e1dat \u00e9s a k\u00f6z\u00f6sen elv\u00e9gzett sz\u00edvt\u00e9r medit\u00e1ci\u00f3s \u00e1llapotban felt\u00e9rk\u00e9pezzem honnan erednek. Megtal\u00e1lva az okokat, mind kioldjuk a tudatalattidb\u00f3l.<\/p>\n\n\n\n<p>Megtisztulva \u00fajra egy szeretetteljes, b\u00e9k\u00e9s, nyugodt, harmonikus kapcsolatba ker\u00fclsz \u00f6nmagaddal. Ez \u00e1ltal azonnal gy\u00f3gyul a p\u00e1rkapcsolatod, ahol \u00fajra szeretve \u00e9rzed magad<\/p>\n\n\n\n<ul class=\"wp-block-list\">\n<li>a sz\u00fcleiddel val\u00f3 kapcsolatodban,<\/li>\n\n\n\n<li>az embert\u00e1rsaiddal l\u00e9v\u0151 kapcsolataidban,<\/li>\n\n\n\n<li>gyermekeiddel l\u00e9v\u0151 kapcsolataidban,<\/li>\n\n\n\n<li>a vil\u00e1ggal l\u00e9v\u0151 kapcsolatodban.<\/li>\n<\/ul>\n\n\n\n<p>Elindulsz a gy\u00f3gyul\u00e1s \u00fatj\u00e1n, hogy a lelki \u00e9s testi f\u00e1jdalmaid megold\u00f3djanak, Spiritu\u00e1lis fejl\u0151d\u00e9sed sz\u00e1rnyra kap. Egy\u00fctt tessz\u00fck jobb\u00e1 az \u00e9letedet, ez \u00e1ltal a csal\u00e1dod \u00e9let\u00e9t is. A szeretet mindennap r\u00e9sze lesz az \u00e9letednek!<\/p>\n\n\n\n<p>Sok szeretettel v\u00e1rlak egy csod\u00e1latos gy\u00f3gy\u00edt\u00f3 t\u00e9rbe, ahol minden tud\u00e1sommal t\u00e1mogatlak, seg\u00edtelek az \u00e9letedben!<\/p>\n\n\n\n<p>Ahhoz, hogy a vil\u00e1god megv\u00e1ltozzon, bel\u00fclr\u0151l kell kezdened!<\/p>\n\n\n\n<p>Szem\u00e9lyesen, online \u00e9s telefonon is el\u00e9rhet\u0151 a konzult\u00e1ci\u00f3.<\/p>\n\n\n\n<p>Energetikai gy\u00f3gy\u00edt\u00e1s holografikusan, 60 perc 20.000 Ft, 120 perc 40.000 Ft.<\/p>\n\n\n\n<p>Szeretettel: Beny\u00f3 Csillag<\/p>\n\n\n\n<div class=\"wp-block-buttons is-layout-flex wp-block-buttons-is-layout-flex\">\n<div class=\"wp-block-button is-style-outline is-style-outline--1\"><a class=\"wp-block-button__link has-black-color has-text-color wp-element-button\" href=\"https:\/\/transzcendensvegtelentudatossag.hu\/index.php\/contact\/\" target=\"_blank\" rel=\"noreferrer noopener\">Jelentkezem!<\/a><\/div>\n<\/div>\n<\/div><\/div>\n","protected":false},"excerpt":{"rendered":"<p>Szeretettel k\u00f6sz\u00f6ntelek! Miben szeretn\u00e9l gy\u00f3gyulni \u00e9s fejl\u0151dni? Di\u00f3h\u00e9jban megfogalmaztam a legfontosabb mondand\u00f3mat.\u00a0 Milyen \u00e9letter\u00fcleteidben seg\u00edt a gy\u00f3gy\u00edt\u00e1s? Ahhoz, hogy k\u00f6nnyebben tudj\u00e1l a lelkedhez kapcsol\u00f3dni, sz\u00fcks\u00e9ges a k\u00fclvil\u00e1g zaj\u00e1t elcsendes\u00edteni, hogy befel\u00e9 tudj\u00e1l figyelni. Ha b\u00e1rmilyen neh\u00e9zs\u00e9g t\u00f6rt\u00e9nik az ember \u00e9let\u00e9ben, azt mindenki egy\u00e9nileg \u00e9li meg.A f\u00e1jdalmas helyzeteket meg\u00e9lheted tragikusan \u00e9s k\u00f6nnyed\u00e9n is.Hogy min m\u00falik hogyan &hellip; <\/p>\n","protected":false},"author":2,"featured_media":226,"parent":0,"menu_order":0,"comment_status":"closed","ping_status":"closed","template":"","meta":{"footnotes":""},"class_list":["post-206","page","type-page","status-publish","has-post-thumbnail","hentry"],"yoast_head":"<!-- This site is optimized with the Yoast SEO plugin v26.9 - https:\/\/yoast.com\/product\/yoast-seo-wordpress\/ -->\n<title>Egy\u00e9ni konzult\u00e1ci\u00f3 - Beny\u00f3 Edit<\/title>\n<meta name=\"robots\" content=\"index, follow, max-snippet:-1, max-image-preview:large, max-video-preview:-1\" \/>\n<link rel=\"canonical\" href=\"https:\/\/transzcendensvegtelentudatossag.hu\/index.php\/egyeni-konzultacio\/\" \/>\n<meta property=\"og:locale\" content=\"hu_HU\" \/>\n<meta property=\"og:type\" content=\"article\" \/>\n<meta property=\"og:title\" content=\"Egy\u00e9ni konzult\u00e1ci\u00f3 - Beny\u00f3 Edit\" \/>\n<meta property=\"og:description\" content=\"Szeretettel k\u00f6sz\u00f6ntelek! Miben szeretn\u00e9l gy\u00f3gyulni \u00e9s fejl\u0151dni? Di\u00f3h\u00e9jban megfogalmaztam a legfontosabb mondand\u00f3mat.\u00a0 Milyen \u00e9letter\u00fcleteidben seg\u00edt a gy\u00f3gy\u00edt\u00e1s? Ahhoz, hogy k\u00f6nnyebben tudj\u00e1l a lelkedhez kapcsol\u00f3dni, sz\u00fcks\u00e9ges a k\u00fclvil\u00e1g zaj\u00e1t elcsendes\u00edteni, hogy befel\u00e9 tudj\u00e1l figyelni. Ha b\u00e1rmilyen neh\u00e9zs\u00e9g t\u00f6rt\u00e9nik az ember \u00e9let\u00e9ben, azt mindenki egy\u00e9nileg \u00e9li meg.A f\u00e1jdalmas helyzeteket meg\u00e9lheted tragikusan \u00e9s k\u00f6nnyed\u00e9n is.Hogy min m\u00falik hogyan &hellip;\" \/>\n<meta property=\"og:url\" content=\"https:\/\/transzcendensvegtelentudatossag.hu\/index.php\/egyeni-konzultacio\/\" \/>\n<meta property=\"og:site_name\" content=\"Beny\u00f3 Edit\" \/>\n<meta property=\"article:modified_time\" content=\"2026-02-18T00:40:58+00:00\" \/>\n<meta property=\"og:image\" content=\"https:\/\/transzcendensvegtelentudatossag.hu\/wp-content\/uploads\/2022\/06\/Transzcendens-tulipan-512.png\" \/>\n\t<meta property=\"og:image:width\" content=\"489\" \/>\n\t<meta property=\"og:image:height\" content=\"512\" \/>\n\t<meta property=\"og:image:type\" content=\"image\/png\" \/>\n<meta name=\"twitter:card\" content=\"summary_large_image\" \/>\n<meta name=\"twitter:label1\" content=\"Becs\u00fclt olvas\u00e1si id\u0151\" \/>\n\t<meta name=\"twitter:data1\" content=\"2 perc\" \/>\n<script type=\"application\/ld+json\" class=\"yoast-schema-graph\">{\"@context\":\"https:\/\/schema.org\",\"@graph\":[{\"@type\":\"WebPage\",\"@id\":\"https:\/\/transzcendensvegtelentudatossag.hu\/index.php\/egyeni-konzultacio\/\",\"url\":\"https:\/\/transzcendensvegtelentudatossag.hu\/index.php\/egyeni-konzultacio\/\",\"name\":\"Egy\u00e9ni konzult\u00e1ci\u00f3 - Beny\u00f3 Edit\",\"isPartOf\":{\"@id\":\"https:\/\/transzcendensvegtelentudatossag.hu\/#website\"},\"primaryImageOfPage\":{\"@id\":\"https:\/\/transzcendensvegtelentudatossag.hu\/index.php\/egyeni-konzultacio\/#primaryimage\"},\"image\":{\"@id\":\"https:\/\/transzcendensvegtelentudatossag.hu\/index.php\/egyeni-konzultacio\/#primaryimage\"},\"thumbnailUrl\":\"https:\/\/transzcendensvegtelentudatossag.hu\/wp-content\/uploads\/2022\/06\/Transzcendens-tulipan-512.png\",\"datePublished\":\"2022-06-12T18:59:25+00:00\",\"dateModified\":\"2026-02-18T00:40:58+00:00\",\"breadcrumb\":{\"@id\":\"https:\/\/transzcendensvegtelentudatossag.hu\/index.php\/egyeni-konzultacio\/#breadcrumb\"},\"inLanguage\":\"hu\",\"potentialAction\":[{\"@type\":\"ReadAction\",\"target\":[\"https:\/\/transzcendensvegtelentudatossag.hu\/index.php\/egyeni-konzultacio\/\"]}]},{\"@type\":\"ImageObject\",\"inLanguage\":\"hu\",\"@id\":\"https:\/\/transzcendensvegtelentudatossag.hu\/index.php\/egyeni-konzultacio\/#primaryimage\",\"url\":\"https:\/\/transzcendensvegtelentudatossag.hu\/wp-content\/uploads\/2022\/06\/Transzcendens-tulipan-512.png\",\"contentUrl\":\"https:\/\/transzcendensvegtelentudatossag.hu\/wp-content\/uploads\/2022\/06\/Transzcendens-tulipan-512.png\",\"width\":489,\"height\":512},{\"@type\":\"BreadcrumbList\",\"@id\":\"https:\/\/transzcendensvegtelentudatossag.hu\/index.php\/egyeni-konzultacio\/#breadcrumb\",\"itemListElement\":[{\"@type\":\"ListItem\",\"position\":1,\"name\":\"Kezd\u0151lap\",\"item\":\"https:\/\/transzcendensvegtelentudatossag.hu\/\"},{\"@type\":\"ListItem\",\"position\":2,\"name\":\"Egy\u00e9ni konzult\u00e1ci\u00f3\"}]},{\"@type\":\"WebSite\",\"@id\":\"https:\/\/transzcendensvegtelentudatossag.hu\/#website\",\"url\":\"https:\/\/transzcendensvegtelentudatossag.hu\/\",\"name\":\"Beny\u00f3 Edit\",\"description\":\"TranszcendensV\u00e9gtelenTudatoss\u00e1g\",\"potentialAction\":[{\"@type\":\"SearchAction\",\"target\":{\"@type\":\"EntryPoint\",\"urlTemplate\":\"https:\/\/transzcendensvegtelentudatossag.hu\/?s={search_term_string}\"},\"query-input\":{\"@type\":\"PropertyValueSpecification\",\"valueRequired\":true,\"valueName\":\"search_term_string\"}}],\"inLanguage\":\"hu\"}]}<\/script>\n<!-- \/ Yoast SEO plugin. -->","yoast_head_json":{"title":"Egy\u00e9ni konzult\u00e1ci\u00f3 - Beny\u00f3 Edit","robots":{"index":"index","follow":"follow","max-snippet":"max-snippet:-1","max-image-preview":"max-image-preview:large","max-video-preview":"max-video-preview:-1"},"canonical":"https:\/\/transzcendensvegtelentudatossag.hu\/index.php\/egyeni-konzultacio\/","og_locale":"hu_HU","og_type":"article","og_title":"Egy\u00e9ni konzult\u00e1ci\u00f3 - Beny\u00f3 Edit","og_description":"Szeretettel k\u00f6sz\u00f6ntelek! Miben szeretn\u00e9l gy\u00f3gyulni \u00e9s fejl\u0151dni? Di\u00f3h\u00e9jban megfogalmaztam a legfontosabb mondand\u00f3mat.\u00a0 Milyen \u00e9letter\u00fcleteidben seg\u00edt a gy\u00f3gy\u00edt\u00e1s? Ahhoz, hogy k\u00f6nnyebben tudj\u00e1l a lelkedhez kapcsol\u00f3dni, sz\u00fcks\u00e9ges a k\u00fclvil\u00e1g zaj\u00e1t elcsendes\u00edteni, hogy befel\u00e9 tudj\u00e1l figyelni. Ha b\u00e1rmilyen neh\u00e9zs\u00e9g t\u00f6rt\u00e9nik az ember \u00e9let\u00e9ben, azt mindenki egy\u00e9nileg \u00e9li meg.A f\u00e1jdalmas helyzeteket meg\u00e9lheted tragikusan \u00e9s k\u00f6nnyed\u00e9n is.Hogy min m\u00falik hogyan &hellip;","og_url":"https:\/\/transzcendensvegtelentudatossag.hu\/index.php\/egyeni-konzultacio\/","og_site_name":"Beny\u00f3 Edit","article_modified_time":"2026-02-18T00:40:58+00:00","og_image":[{"width":489,"height":512,"url":"https:\/\/transzcendensvegtelentudatossag.hu\/wp-content\/uploads\/2022\/06\/Transzcendens-tulipan-512.png","type":"image\/png"}],"twitter_card":"summary_large_image","twitter_misc":{"Becs\u00fclt olvas\u00e1si id\u0151":"2 perc"},"schema":{"@context":"https:\/\/schema.org","@graph":[{"@type":"WebPage","@id":"https:\/\/transzcendensvegtelentudatossag.hu\/index.php\/egyeni-konzultacio\/","url":"https:\/\/transzcendensvegtelentudatossag.hu\/index.php\/egyeni-konzultacio\/","name":"Egy\u00e9ni konzult\u00e1ci\u00f3 - Beny\u00f3 Edit","isPartOf":{"@id":"https:\/\/transzcendensvegtelentudatossag.hu\/#website"},"primaryImageOfPage":{"@id":"https:\/\/transzcendensvegtelentudatossag.hu\/index.php\/egyeni-konzultacio\/#primaryimage"},"image":{"@id":"https:\/\/transzcendensvegtelentudatossag.hu\/index.php\/egyeni-konzultacio\/#primaryimage"},"thumbnailUrl":"https:\/\/transzcendensvegtelentudatossag.hu\/wp-content\/uploads\/2022\/06\/Transzcendens-tulipan-512.png","datePublished":"2022-06-12T18:59:25+00:00","dateModified":"2026-02-18T00:40:58+00:00","breadcrumb":{"@id":"https:\/\/transzcendensvegtelentudatossag.hu\/index.php\/egyeni-konzultacio\/#breadcrumb"},"inLanguage":"hu","potentialAction":[{"@type":"ReadAction","target":["https:\/\/transzcendensvegtelentudatossag.hu\/index.php\/egyeni-konzultacio\/"]}]},{"@type":"ImageObject","inLanguage":"hu","@id":"https:\/\/transzcendensvegtelentudatossag.hu\/index.php\/egyeni-konzultacio\/#primaryimage","url":"https:\/\/transzcendensvegtelentudatossag.hu\/wp-content\/uploads\/2022\/06\/Transzcendens-tulipan-512.png","contentUrl":"https:\/\/transzcendensvegtelentudatossag.hu\/wp-content\/uploads\/2022\/06\/Transzcendens-tulipan-512.png","width":489,"height":512},{"@type":"BreadcrumbList","@id":"https:\/\/transzcendensvegtelentudatossag.hu\/index.php\/egyeni-konzultacio\/#breadcrumb","itemListElement":[{"@type":"ListItem","position":1,"name":"Kezd\u0151lap","item":"https:\/\/transzcendensvegtelentudatossag.hu\/"},{"@type":"ListItem","position":2,"name":"Egy\u00e9ni konzult\u00e1ci\u00f3"}]},{"@type":"WebSite","@id":"https:\/\/transzcendensvegtelentudatossag.hu\/#website","url":"https:\/\/transzcendensvegtelentudatossag.hu\/","name":"Beny\u00f3 Edit","description":"TranszcendensV\u00e9gtelenTudatoss\u00e1g","potentialAction":[{"@type":"SearchAction","target":{"@type":"EntryPoint","urlTemplate":"https:\/\/transzcendensvegtelentudatossag.hu\/?s={search_term_string}"},"query-input":{"@type":"PropertyValueSpecification","valueRequired":true,"valueName":"search_term_string"}}],"inLanguage":"hu"}]}},"_links":{"self":[{"href":"https:\/\/transzcendensvegtelentudatossag.hu\/index.php\/wp-json\/wp\/v2\/pages\/206","targetHints":{"allow":["GET"]}}],"collection":[{"href":"https:\/\/transzcendensvegtelentudatossag.hu\/index.php\/wp-json\/wp\/v2\/pages"}],"about":[{"href":"https:\/\/transzcendensvegtelentudatossag.hu\/index.php\/wp-json\/wp\/v2\/types\/page"}],"author":[{"embeddable":true,"href":"https:\/\/transzcendensvegtelentudatossag.hu\/index.php\/wp-json\/wp\/v2\/users\/2"}],"replies":[{"embeddable":true,"href":"https:\/\/transzcendensvegtelentudatossag.hu\/index.php\/wp-json\/wp\/v2\/comments?post=206"}],"version-history":[{"count":7,"href":"https:\/\/transzcendensvegtelentudatossag.hu\/index.php\/wp-json\/wp\/v2\/pages\/206\/revisions"}],"predecessor-version":[{"id":502,"href":"https:\/\/transzcendensvegtelentudatossag.hu\/index.php\/wp-json\/wp\/v2\/pages\/206\/revisions\/502"}],"wp:featuredmedia":[{"embeddable":true,"href":"https:\/\/transzcendensvegtelentudatossag.hu\/index.php\/wp-json\/wp\/v2\/media\/226"}],"wp:attachment":[{"href":"https:\/\/transzcendensvegtelentudatossag.hu\/index.php\/wp-json\/wp\/v2\/media?parent=206"}],"curies":[{"name":"wp","href":"https:\/\/api.w.org\/{rel}","templated":true}]}}