{"id":138,"date":"2022-06-10T22:18:43","date_gmt":"2022-06-10T22:18:43","guid":{"rendered":"https:\/\/transzcendensvegtelentudatossag.hu\/?page_id=138"},"modified":"2024-02-02T13:15:34","modified_gmt":"2024-02-02T13:15:34","slug":"rolam","status":"publish","type":"page","link":"https:\/\/transzcendensvegtelentudatossag.hu\/index.php\/rolam\/","title":{"rendered":"R\u00f3lam"},"content":{"rendered":"\n<div class=\"wp-block-columns is-layout-flex wp-container-core-columns-is-layout-9d6595d7 wp-block-columns-is-layout-flex\">\n<div class=\"wp-block-column is-layout-flow wp-block-column-is-layout-flow\" style=\"flex-basis:66.66%\">\n<div class=\"wp-block-group\"><div class=\"wp-block-group__inner-container is-layout-flow wp-block-group-is-layout-flow\">\n<p>Beny\u00f3 Csillagnak h\u00edvnak. R\u00f6viden az \u00e9let utamr\u00f3l:<\/p>\n\n\n\n<p>Kisl\u00e1ny korom \u00f3ta \u00e9reztem \u00e9s l\u00e1ttam, ahogy az emberek szenvednek. Az id\u0151 eltelt\u00e9vel egyre t\u00f6bbet tapasztaltam \u00e9s elkezdtem azt is \u00e9rz\u00e9kelni \u00e9s l\u00e1tni, honnan erednek a f\u00e1jdalmaik. Nehezen viseltem, hogy tehetetlen\u00fcl magamba sz\u00edvtam a m\u00e1sok \u00e1t\u00e9lt \u00e9rz\u00e9seit. Akkor m\u00e9g nem ismertem fel a k\u00fcl\u00f6nbs\u00e9get sajn\u00e1lat \u00e9s egy\u00fctt\u00e9rz\u00e9s k\u00f6z\u00f6tt. Ezen felismer\u00e9s hi\u00e1ny\u00e1ban, a sajn\u00e1laton kereszt\u00fcl \u00e1tvettem m\u00e1sok f\u00e1jdalm\u00e1t \u00e9s betegs\u00e9g\u00e9t \u2013 \u00edgy gy\u00f3gy\u00edtottam. R\u00e1 kellett \u00e9brednem, hogy ha a gy\u00f3gy\u00edt\u00e1s sajn\u00e1lat n\u00e9lk\u00fcl, \u00e1m egy\u00fctt \u00e9rz\u00e9ssel t\u00f6rt\u00e9nik, a gy\u00f3gy\u00edt\u00e1s is magasabb min\u0151s\u00e9gben tud megt\u00f6rt\u00e9nni.<\/p>\n\n\n\n<p>Ugyanis a sajn\u00e1lattal egy\u00fctt a gy\u00f3gy\u00edt\u00f3 \u00e9rzelmileg is \u00e9rintett lesz, m\u00edg az egy\u00fctt\u00e9rz\u00e9sen kereszt\u00fcl egy olyan t\u00e1vols\u00e1got \u00e9s objektivit\u00e1st nyer, ami nem csak a gy\u00f3gy\u00edtottnak, de mindenkinek a legjobb. Ennek felismer\u00e9s\u00e9ben sokat seg\u00edtett az \u00f6ngy\u00f3gy\u00edt\u00e1s ter\u00fclet\u00e9n szerzett tapasztalat \u00e9s \u00f6nmunka. 21 \u00e9ves koromt\u00f3l kezdve k\u00fcl\u00f6nf\u00e9le gy\u00f3gy\u00edt\u00e1sokat kezdtem tanulni. Ezek k\u00f6z\u00e9 tartozik t\u00f6bbek k\u00f6z\u00f6tt a Reiki, a F\u00e9nypont Gy\u00f3gy\u00edt\u00e1s, Ramun Gy\u00f3gy\u00edt\u00e1s \u00e9s a Theta Healing. Akkoriban \u00e1lland\u00f3 tev\u00e9kenys\u00e9gemnek a csontkov\u00e1csol\u00e1st v\u00e1lasztottam, amelyet mostanra fiamnak adtam \u00e1t. Jelenleg tanfolyamokat \u00e9s egy\u00e9ni  konzult\u00e1ci\u00f3kat tartok \u00e9s N\u00e9pi Pi\u00f3c\u00e1kkal foglalkozom.<\/p>\n\n\n\n<p>A tapasztal\u00e1saimnak k\u00f6sz\u00f6nhet\u0151en felismertem, hogy a sz\u00edv \u00fatja vezet ki a szenved\u0151 \u00e1llapotokb\u00f3l. Ez\u00e9rt alkottam meg a tanfolyamot, hogy seg\u00edts\u00e9get adjak a gy\u00f3gyulni \u00e9s \u00e9bredni v\u00e1gy\u00f3 emberek sz\u00e1m\u00e1ra. \u00cdgy eljuthatnak a sz\u00edv \u00fatj\u00e1n kereszt\u00fcl \u00f6nmagukhoz, egy szabadabb, b\u00e9k\u00e9sebb tudat\u00e1llapothoz, ahol megtanulnak \u00f6nmagukon \u00e9s ez\u00e1ltal szeretteiken \u00e9s k\u00f6rnyezet\u00fck\u00f6n seg\u00edteni.<\/p>\n<\/div><\/div>\n<\/div>\n\n\n\n<div class=\"wp-block-column is-layout-flow wp-block-column-is-layout-flow\" style=\"flex-basis:33.33%\">\n<figure class=\"wp-block-image size-full\"><img loading=\"lazy\" decoding=\"async\" width=\"716\" height=\"966\" src=\"https:\/\/transzcendensvegtelentudatossag.hu\/wp-content\/uploads\/2022\/06\/ediz.jpg\" alt=\"\" class=\"wp-image-337\" srcset=\"https:\/\/transzcendensvegtelentudatossag.hu\/wp-content\/uploads\/2022\/06\/ediz.jpg 716w, https:\/\/transzcendensvegtelentudatossag.hu\/wp-content\/uploads\/2022\/06\/ediz-222x300.jpg 222w, https:\/\/transzcendensvegtelentudatossag.hu\/wp-content\/uploads\/2022\/06\/ediz-44x60.jpg 44w\" sizes=\"auto, (max-width: 716px) 100vw, 716px\" \/><\/figure>\n<\/div>\n<\/div>\n","protected":false},"excerpt":{"rendered":"<p>Beny\u00f3 Csillagnak h\u00edvnak. R\u00f6viden az \u00e9let utamr\u00f3l: Kisl\u00e1ny korom \u00f3ta \u00e9reztem \u00e9s l\u00e1ttam, ahogy az emberek szenvednek. Az id\u0151 eltelt\u00e9vel egyre t\u00f6bbet tapasztaltam \u00e9s elkezdtem azt is \u00e9rz\u00e9kelni \u00e9s l\u00e1tni, honnan erednek a f\u00e1jdalmaik. Nehezen viseltem, hogy tehetetlen\u00fcl magamba sz\u00edvtam a m\u00e1sok \u00e1t\u00e9lt \u00e9rz\u00e9seit. Akkor m\u00e9g nem ismertem fel a k\u00fcl\u00f6nbs\u00e9get sajn\u00e1lat \u00e9s egy\u00fctt\u00e9rz\u00e9s k\u00f6z\u00f6tt. &hellip; <\/p>\n","protected":false},"author":2,"featured_media":222,"parent":0,"menu_order":0,"comment_status":"closed","ping_status":"closed","template":"","meta":{"footnotes":""},"class_list":["post-138","page","type-page","status-publish","has-post-thumbnail","hentry"],"yoast_head":"<!-- This site is optimized with the Yoast SEO plugin v26.9 - https:\/\/yoast.com\/product\/yoast-seo-wordpress\/ -->\n<title>R\u00f3lam - Beny\u00f3 Edit<\/title>\n<meta name=\"robots\" content=\"index, follow, max-snippet:-1, max-image-preview:large, max-video-preview:-1\" \/>\n<link rel=\"canonical\" href=\"https:\/\/transzcendensvegtelentudatossag.hu\/index.php\/rolam\/\" \/>\n<meta property=\"og:locale\" content=\"hu_HU\" \/>\n<meta property=\"og:type\" content=\"article\" \/>\n<meta property=\"og:title\" content=\"R\u00f3lam - Beny\u00f3 Edit\" \/>\n<meta property=\"og:description\" content=\"Beny\u00f3 Csillagnak h\u00edvnak. R\u00f6viden az \u00e9let utamr\u00f3l: Kisl\u00e1ny korom \u00f3ta \u00e9reztem \u00e9s l\u00e1ttam, ahogy az emberek szenvednek. Az id\u0151 eltelt\u00e9vel egyre t\u00f6bbet tapasztaltam \u00e9s elkezdtem azt is \u00e9rz\u00e9kelni \u00e9s l\u00e1tni, honnan erednek a f\u00e1jdalmaik. Nehezen viseltem, hogy tehetetlen\u00fcl magamba sz\u00edvtam a m\u00e1sok \u00e1t\u00e9lt \u00e9rz\u00e9seit. Akkor m\u00e9g nem ismertem fel a k\u00fcl\u00f6nbs\u00e9get sajn\u00e1lat \u00e9s egy\u00fctt\u00e9rz\u00e9s k\u00f6z\u00f6tt. &hellip;\" \/>\n<meta property=\"og:url\" content=\"https:\/\/transzcendensvegtelentudatossag.hu\/index.php\/rolam\/\" \/>\n<meta property=\"og:site_name\" content=\"Beny\u00f3 Edit\" \/>\n<meta property=\"article:modified_time\" content=\"2024-02-02T13:15:34+00:00\" \/>\n<meta property=\"og:image\" content=\"https:\/\/transzcendensvegtelentudatossag.hu\/wp-content\/uploads\/2022\/06\/transzcendensvegtelentudatossag.jpg\" \/>\n\t<meta property=\"og:image:width\" content=\"2439\" \/>\n\t<meta property=\"og:image:height\" content=\"1814\" \/>\n\t<meta property=\"og:image:type\" content=\"image\/jpeg\" \/>\n<meta name=\"twitter:card\" content=\"summary_large_image\" \/>\n<meta name=\"twitter:label1\" content=\"Becs\u00fclt olvas\u00e1si id\u0151\" \/>\n\t<meta name=\"twitter:data1\" content=\"2 perc\" \/>\n<script type=\"application\/ld+json\" class=\"yoast-schema-graph\">{\"@context\":\"https:\/\/schema.org\",\"@graph\":[{\"@type\":\"WebPage\",\"@id\":\"https:\/\/transzcendensvegtelentudatossag.hu\/index.php\/rolam\/\",\"url\":\"https:\/\/transzcendensvegtelentudatossag.hu\/index.php\/rolam\/\",\"name\":\"R\u00f3lam - Beny\u00f3 Edit\",\"isPartOf\":{\"@id\":\"https:\/\/transzcendensvegtelentudatossag.hu\/#website\"},\"primaryImageOfPage\":{\"@id\":\"https:\/\/transzcendensvegtelentudatossag.hu\/index.php\/rolam\/#primaryimage\"},\"image\":{\"@id\":\"https:\/\/transzcendensvegtelentudatossag.hu\/index.php\/rolam\/#primaryimage\"},\"thumbnailUrl\":\"https:\/\/transzcendensvegtelentudatossag.hu\/wp-content\/uploads\/2022\/06\/transzcendensvegtelentudatossag.jpg\",\"datePublished\":\"2022-06-10T22:18:43+00:00\",\"dateModified\":\"2024-02-02T13:15:34+00:00\",\"breadcrumb\":{\"@id\":\"https:\/\/transzcendensvegtelentudatossag.hu\/index.php\/rolam\/#breadcrumb\"},\"inLanguage\":\"hu\",\"potentialAction\":[{\"@type\":\"ReadAction\",\"target\":[\"https:\/\/transzcendensvegtelentudatossag.hu\/index.php\/rolam\/\"]}]},{\"@type\":\"ImageObject\",\"inLanguage\":\"hu\",\"@id\":\"https:\/\/transzcendensvegtelentudatossag.hu\/index.php\/rolam\/#primaryimage\",\"url\":\"https:\/\/transzcendensvegtelentudatossag.hu\/wp-content\/uploads\/2022\/06\/transzcendensvegtelentudatossag.jpg\",\"contentUrl\":\"https:\/\/transzcendensvegtelentudatossag.hu\/wp-content\/uploads\/2022\/06\/transzcendensvegtelentudatossag.jpg\",\"width\":2439,\"height\":1814,\"caption\":\"TranszcendensVegtelenTudatossag\"},{\"@type\":\"BreadcrumbList\",\"@id\":\"https:\/\/transzcendensvegtelentudatossag.hu\/index.php\/rolam\/#breadcrumb\",\"itemListElement\":[{\"@type\":\"ListItem\",\"position\":1,\"name\":\"Kezd\u0151lap\",\"item\":\"https:\/\/transzcendensvegtelentudatossag.hu\/\"},{\"@type\":\"ListItem\",\"position\":2,\"name\":\"R\u00f3lam\"}]},{\"@type\":\"WebSite\",\"@id\":\"https:\/\/transzcendensvegtelentudatossag.hu\/#website\",\"url\":\"https:\/\/transzcendensvegtelentudatossag.hu\/\",\"name\":\"Beny\u00f3 Edit\",\"description\":\"TranszcendensV\u00e9gtelenTudatoss\u00e1g\",\"potentialAction\":[{\"@type\":\"SearchAction\",\"target\":{\"@type\":\"EntryPoint\",\"urlTemplate\":\"https:\/\/transzcendensvegtelentudatossag.hu\/?s={search_term_string}\"},\"query-input\":{\"@type\":\"PropertyValueSpecification\",\"valueRequired\":true,\"valueName\":\"search_term_string\"}}],\"inLanguage\":\"hu\"}]}<\/script>\n<!-- \/ Yoast SEO plugin. -->","yoast_head_json":{"title":"R\u00f3lam - Beny\u00f3 Edit","robots":{"index":"index","follow":"follow","max-snippet":"max-snippet:-1","max-image-preview":"max-image-preview:large","max-video-preview":"max-video-preview:-1"},"canonical":"https:\/\/transzcendensvegtelentudatossag.hu\/index.php\/rolam\/","og_locale":"hu_HU","og_type":"article","og_title":"R\u00f3lam - Beny\u00f3 Edit","og_description":"Beny\u00f3 Csillagnak h\u00edvnak. R\u00f6viden az \u00e9let utamr\u00f3l: Kisl\u00e1ny korom \u00f3ta \u00e9reztem \u00e9s l\u00e1ttam, ahogy az emberek szenvednek. Az id\u0151 eltelt\u00e9vel egyre t\u00f6bbet tapasztaltam \u00e9s elkezdtem azt is \u00e9rz\u00e9kelni \u00e9s l\u00e1tni, honnan erednek a f\u00e1jdalmaik. Nehezen viseltem, hogy tehetetlen\u00fcl magamba sz\u00edvtam a m\u00e1sok \u00e1t\u00e9lt \u00e9rz\u00e9seit. Akkor m\u00e9g nem ismertem fel a k\u00fcl\u00f6nbs\u00e9get sajn\u00e1lat \u00e9s egy\u00fctt\u00e9rz\u00e9s k\u00f6z\u00f6tt. &hellip;","og_url":"https:\/\/transzcendensvegtelentudatossag.hu\/index.php\/rolam\/","og_site_name":"Beny\u00f3 Edit","article_modified_time":"2024-02-02T13:15:34+00:00","og_image":[{"width":2439,"height":1814,"url":"https:\/\/transzcendensvegtelentudatossag.hu\/wp-content\/uploads\/2022\/06\/transzcendensvegtelentudatossag.jpg","type":"image\/jpeg"}],"twitter_card":"summary_large_image","twitter_misc":{"Becs\u00fclt olvas\u00e1si id\u0151":"2 perc"},"schema":{"@context":"https:\/\/schema.org","@graph":[{"@type":"WebPage","@id":"https:\/\/transzcendensvegtelentudatossag.hu\/index.php\/rolam\/","url":"https:\/\/transzcendensvegtelentudatossag.hu\/index.php\/rolam\/","name":"R\u00f3lam - Beny\u00f3 Edit","isPartOf":{"@id":"https:\/\/transzcendensvegtelentudatossag.hu\/#website"},"primaryImageOfPage":{"@id":"https:\/\/transzcendensvegtelentudatossag.hu\/index.php\/rolam\/#primaryimage"},"image":{"@id":"https:\/\/transzcendensvegtelentudatossag.hu\/index.php\/rolam\/#primaryimage"},"thumbnailUrl":"https:\/\/transzcendensvegtelentudatossag.hu\/wp-content\/uploads\/2022\/06\/transzcendensvegtelentudatossag.jpg","datePublished":"2022-06-10T22:18:43+00:00","dateModified":"2024-02-02T13:15:34+00:00","breadcrumb":{"@id":"https:\/\/transzcendensvegtelentudatossag.hu\/index.php\/rolam\/#breadcrumb"},"inLanguage":"hu","potentialAction":[{"@type":"ReadAction","target":["https:\/\/transzcendensvegtelentudatossag.hu\/index.php\/rolam\/"]}]},{"@type":"ImageObject","inLanguage":"hu","@id":"https:\/\/transzcendensvegtelentudatossag.hu\/index.php\/rolam\/#primaryimage","url":"https:\/\/transzcendensvegtelentudatossag.hu\/wp-content\/uploads\/2022\/06\/transzcendensvegtelentudatossag.jpg","contentUrl":"https:\/\/transzcendensvegtelentudatossag.hu\/wp-content\/uploads\/2022\/06\/transzcendensvegtelentudatossag.jpg","width":2439,"height":1814,"caption":"TranszcendensVegtelenTudatossag"},{"@type":"BreadcrumbList","@id":"https:\/\/transzcendensvegtelentudatossag.hu\/index.php\/rolam\/#breadcrumb","itemListElement":[{"@type":"ListItem","position":1,"name":"Kezd\u0151lap","item":"https:\/\/transzcendensvegtelentudatossag.hu\/"},{"@type":"ListItem","position":2,"name":"R\u00f3lam"}]},{"@type":"WebSite","@id":"https:\/\/transzcendensvegtelentudatossag.hu\/#website","url":"https:\/\/transzcendensvegtelentudatossag.hu\/","name":"Beny\u00f3 Edit","description":"TranszcendensV\u00e9gtelenTudatoss\u00e1g","potentialAction":[{"@type":"SearchAction","target":{"@type":"EntryPoint","urlTemplate":"https:\/\/transzcendensvegtelentudatossag.hu\/?s={search_term_string}"},"query-input":{"@type":"PropertyValueSpecification","valueRequired":true,"valueName":"search_term_string"}}],"inLanguage":"hu"}]}},"_links":{"self":[{"href":"https:\/\/transzcendensvegtelentudatossag.hu\/index.php\/wp-json\/wp\/v2\/pages\/138","targetHints":{"allow":["GET"]}}],"collection":[{"href":"https:\/\/transzcendensvegtelentudatossag.hu\/index.php\/wp-json\/wp\/v2\/pages"}],"about":[{"href":"https:\/\/transzcendensvegtelentudatossag.hu\/index.php\/wp-json\/wp\/v2\/types\/page"}],"author":[{"embeddable":true,"href":"https:\/\/transzcendensvegtelentudatossag.hu\/index.php\/wp-json\/wp\/v2\/users\/2"}],"replies":[{"embeddable":true,"href":"https:\/\/transzcendensvegtelentudatossag.hu\/index.php\/wp-json\/wp\/v2\/comments?post=138"}],"version-history":[{"count":19,"href":"https:\/\/transzcendensvegtelentudatossag.hu\/index.php\/wp-json\/wp\/v2\/pages\/138\/revisions"}],"predecessor-version":[{"id":472,"href":"https:\/\/transzcendensvegtelentudatossag.hu\/index.php\/wp-json\/wp\/v2\/pages\/138\/revisions\/472"}],"wp:featuredmedia":[{"embeddable":true,"href":"https:\/\/transzcendensvegtelentudatossag.hu\/index.php\/wp-json\/wp\/v2\/media\/222"}],"wp:attachment":[{"href":"https:\/\/transzcendensvegtelentudatossag.hu\/index.php\/wp-json\/wp\/v2\/media?parent=138"}],"curies":[{"name":"wp","href":"https:\/\/api.w.org\/{rel}","templated":true}]}}